{"id":64,"date":"2010-05-27T12:17:05","date_gmt":"2010-05-27T10:17:05","guid":{"rendered":"http:\/\/www.missionorder.de\/?page_id=64"},"modified":"2010-05-27T22:14:42","modified_gmt":"2010-05-27T20:14:42","slug":"berufung","status":"publish","type":"page","link":"http:\/\/www.missionorder.de\/?page_id=64","title":{"rendered":"Berufung"},"content":{"rendered":"<h3>Menschen       sind unterschiedlich.<\/h3>\n<p>Und das ist gut so! Im  Epheserbrief (Kapitel 4) ist       sogar die Rede davon, dass jeder  einzelne nur einen Teil der Gnade und       F\u00fclle Christi haben kann \u2013  erst in der Einheit wird das volle Potential       sichtbar und lebbar.  Doch <strong>Einheit bedeutet nicht Gleichheit<\/strong> und es ist       hilfreich die  eigene Berufung zu entdecken und die anderer zu verstehen.<\/p>\n<p>Der  Epheserbrief unterscheidet f\u00fcnf Typen \u2013 jeder mit einem speziellen        Herzschlag f\u00fcr das Reich Gottes:<\/p>\n<p><!--[if gte mso 9]><xml> <w:WordDocument> <w:View>Normal<\/w:View> <w:Zoom>0<\/w:Zoom> <w:HyphenationZone>21<\/w:HyphenationZone> <w:PunctuationKerning \/> <w:ValidateAgainstSchemas \/> <w:SaveIfXMLInvalid>false<\/w:SaveIfXMLInvalid> <w:IgnoreMixedContent>false<\/w:IgnoreMixedContent> <w:AlwaysShowPlaceholderText>false<\/w:AlwaysShowPlaceholderText> <w:Compatibility> <w:BreakWrappedTables \/> <w:SnapToGridInCell \/> <w:WrapTextWithPunct \/> <w:UseAsianBreakRules \/> <w:DontGrowAutofit \/> <\/w:Compatibility> <w:BrowserLevel>MicrosoftInternetExplorer4<\/w:BrowserLevel> <\/w:WordDocument> <\/xml><![endif]--><!--[if gte mso 9]><xml> <w:LatentStyles DefLockedState=\"false\" LatentStyleCount=\"156\"> <\/w:LatentStyles> <\/xml><![endif]--><!--  \/* Font Definitions *\/  @font-face \t{font-family:Wingdings; \tpanose-1:5 0 0 0 0 0 0 0 0 0; \tmso-font-charset:2; \tmso-generic-font-family:auto; \tmso-font-pitch:variable; \tmso-font-signature:0 268435456 0 0 -2147483648 0;}  \/* Style Definitions *\/  p.MsoNormal, li.MsoNormal, div.MsoNormal \t{mso-style-parent:\"\"; \tmargin:0cm; \tmargin-bottom:.0001pt; \tmso-pagination:widow-orphan; \tfont-size:12.0pt; \tfont-family:\"Times New Roman\"; \tmso-fareast-font-family:\"Times New Roman\";} @page Section1 \t{size:612.0pt 792.0pt; \tmargin:70.85pt 70.85pt 2.0cm 70.85pt; \tmso-header-margin:36.0pt; \tmso-footer-margin:36.0pt; \tmso-paper-source:0;} div.Section1 \t{page:Section1;}  \/* List Definitions *\/  @list l0 \t{mso-list-id:1544636740; \tmso-list-type:hybrid; \tmso-list-template-ids:1066543918 67567617 67567619 67567621 67567617 67567619 67567621 67567617 67567619 67567621;} @list l0:level1 \t{mso-level-number-format:bullet; \tmso-level-text:\uf0b7; \tmso-level-tab-stop:36.0pt; \tmso-level-number-position:left; \ttext-indent:-18.0pt; \tfont-family:Symbol;} @list l0:level2 \t{mso-level-number-format:bullet; \tmso-level-text:o; \tmso-level-tab-stop:72.0pt; \tmso-level-number-position:left; \ttext-indent:-18.0pt; \tfont-family:\"Courier New\";} @list l0:level3 \t{mso-level-number-format:bullet; \tmso-level-text:\uf0a7; \tmso-level-tab-stop:108.0pt; \tmso-level-number-position:left; \ttext-indent:-18.0pt; \tfont-family:Wingdings;} ol \t{margin-bottom:0cm;} ul \t{margin-bottom:0cm;} --><!--[if gte mso 10]> <mce:style><!   \/* Style Definitions *\/  table.MsoNormalTable \t{mso-style-name:\"Normale Tabelle\"; \tmso-tstyle-rowband-size:0; \tmso-tstyle-colband-size:0; \tmso-style-noshow:yes; \tmso-style-parent:\"\"; \tmso-padding-alt:0cm 5.4pt 0cm 5.4pt; \tmso-para-margin:0cm; \tmso-para-margin-bottom:.0001pt; \tmso-pagination:widow-orphan; \tfont-size:10.0pt; \tfont-family:\"Times New Roman\"; \tmso-ansi-language:#0400; \tmso-fareast-language:#0400; \tmso-bidi-language:#0400;} --> <!--[endif]--><\/p>\n<h3>Apostel<\/h3>\n<p><span style=\"font-size: 10pt;\">Sie sind Pioniere, fasziniert von allem        Neuen, immer auf dem Sprung und manchmal auch etwas einsam. Sie entwickeln Visionen und neue Ideen damit ein St\u00fcck Himmel sichtbar wird in einer sich ver\u00e4ndernden Welt. Sie treiben Projekte voran und motivieren andere aufzubrechen in unbekanntes        Land.<\/span><\/p>\n<p><!--[if gte mso 9]><xml> <w:WordDocument> <w:View>Normal<\/w:View> <w:Zoom>0<\/w:Zoom> <w:HyphenationZone>21<\/w:HyphenationZone> <w:PunctuationKerning \/> <w:ValidateAgainstSchemas \/> <w:SaveIfXMLInvalid>false<\/w:SaveIfXMLInvalid> <w:IgnoreMixedContent>false<\/w:IgnoreMixedContent> <w:AlwaysShowPlaceholderText>false<\/w:AlwaysShowPlaceholderText> <w:Compatibility> <w:BreakWrappedTables \/> <w:SnapToGridInCell \/> <w:WrapTextWithPunct \/> <w:UseAsianBreakRules \/> <w:DontGrowAutofit \/> <\/w:Compatibility> <w:BrowserLevel>MicrosoftInternetExplorer4<\/w:BrowserLevel> <\/w:WordDocument> <\/xml><![endif]--><!--[if gte mso 9]><xml> <w:LatentStyles DefLockedState=\"false\" LatentStyleCount=\"156\"> <\/w:LatentStyles> <\/xml><![endif]--><!--[if gte mso 10]>\n<mce:style><!   \/* Style Definitions *\/  table.MsoNormalTable \t{mso-style-name:\"Normale Tabelle\"; \tmso-tstyle-rowband-size:0; \tmso-tstyle-colband-size:0; \tmso-style-noshow:yes; \tmso-style-parent:\"\"; \tmso-padding-alt:0cm 5.4pt 0cm 5.4pt; \tmso-para-margin:0cm; \tmso-para-margin-bottom:.0001pt; \tmso-pagination:widow-orphan; \tfont-size:10.0pt; \tfont-family:\"Times New Roman\"; \tmso-ansi-language:#0400; \tmso-fareast-language:#0400; \tmso-bidi-language:#0400;} --><\/p>\n<p><!--[endif]--><\/p>\n<h3>Propheten<\/h3>\n<p><span style=\"font-size: 10pt;\">Sie haben ein tiefes Verst\u00e4ndnis f\u00fcr        Gottes Wahrheit und k\u00f6nnen seine Botschaft in konkrete Situationen        hineinsprechen und Menschen direkt zusprechen. Ihre Visionen sind        geistliche Perspektive, erwachsen aus einer engen und h\u00f6renden        Gottesbeziehung.<\/span><\/p>\n<h3>Evangelisten<\/h3>\n<p><span style=\"font-size: 10pt;\">Ihr Herzensanliegen: die frohe        Botschaft muss unter die Leute! Keiner ist so einfallsreich und        motiviert mit Wort und Tat das Evangelium weiterzusagen, wie sie. Mit        ihrer Begeisterung und Nat\u00fcrlichkeit in Sachen Mission stecken sie        andere an.<\/span><\/p>\n<h3>Hirten<\/h3>\n<p><span style=\"font-size: 10pt;\">Sie sind die absoluten Beziehungstypen.        Geduldig f\u00f6rdern und unterst\u00fctzen sie einzelne oder Gruppen, oft \u00fcber        lange Zeitr\u00e4ume. Das Wohlergehen und die Pers\u00f6nlichkeitsentwicklung        anderer ist ihr Anliegen. Sie leiden mit und helfen Lasten tragen.<\/span><\/p>\n<h3>Lehrer<\/h3>\n<p><span style=\"font-size: 10pt;\">Sie sind fasziniert von Gottes Wort,        geistlichen Zusammenh\u00e4ngen, der Wahrheit des Evangeliums. Was sie        kapiert haben, das geben sie gerne an andere weiter \u2013 und zwar so, dass        man es versteht. Ihnen muss man einfach zuh\u00f6ren.<\/span><\/p>\n<div id=\"_mcePaste\" style=\"position: absolute; left: -10000px; top: 0px; width: 1px; height: 1px; overflow: hidden;\"><!--[if gte mso 9]><xml> <w:WordDocument> <w:View>Normal<\/w:View> <w:Zoom>0<\/w:Zoom> <w:HyphenationZone>21<\/w:HyphenationZone> <w:PunctuationKerning \/> <w:ValidateAgainstSchemas \/> <w:SaveIfXMLInvalid>false<\/w:SaveIfXMLInvalid> <w:IgnoreMixedContent>false<\/w:IgnoreMixedContent> <w:AlwaysShowPlaceholderText>false<\/w:AlwaysShowPlaceholderText> <w:Compatibility> <w:BreakWrappedTables \/> <w:SnapToGridInCell \/> <w:WrapTextWithPunct \/> <w:UseAsianBreakRules \/> <w:DontGrowAutofit \/> <\/w:Compatibility> <w:BrowserLevel>MicrosoftInternetExplorer4<\/w:BrowserLevel> <\/w:WordDocument> <\/xml><![endif]--><!--[if gte mso 9]><xml> <w:LatentStyles DefLockedState=\"false\" LatentStyleCount=\"156\"> <\/w:LatentStyles> <\/xml><![endif]--><!--  \/* Font Definitions *\/  @font-face \t{font-family:Wingdings; \tpanose-1:5 0 0 0 0 0 0 0 0 0; \tmso-font-charset:2; \tmso-generic-font-family:auto; \tmso-font-pitch:variable; \tmso-font-signature:0 268435456 0 0 -2147483648 0;}  \/* Style Definitions *\/  p.MsoNormal, li.MsoNormal, div.MsoNormal \t{mso-style-parent:\"\"; \tmargin:0cm; \tmargin-bottom:.0001pt; \tmso-pagination:widow-orphan; \tfont-size:12.0pt; \tfont-family:\"Times New Roman\"; \tmso-fareast-font-family:\"Times New Roman\";} @page Section1 \t{size:612.0pt 792.0pt; \tmargin:70.85pt 70.85pt 2.0cm 70.85pt; \tmso-header-margin:36.0pt; \tmso-footer-margin:36.0pt; \tmso-paper-source:0;} div.Section1 \t{page:Section1;}  \/* List Definitions *\/  @list l0 \t{mso-list-id:1544636740; \tmso-list-type:hybrid; \tmso-list-template-ids:1066543918 67567617 67567619 67567621 67567617 67567619 67567621 67567617 67567619 67567621;} @list l0:level1 \t{mso-level-number-format:bullet; \tmso-level-text:\uf0b7; \tmso-level-tab-stop:36.0pt; \tmso-level-number-position:left; \ttext-indent:-18.0pt; \tfont-family:Symbol;} @list l0:level2 \t{mso-level-number-format:bullet; \tmso-level-text:o; \tmso-level-tab-stop:72.0pt; \tmso-level-number-position:left; \ttext-indent:-18.0pt; \tfont-family:\"Courier New\";} @list l0:level3 \t{mso-level-number-format:bullet; \tmso-level-text:\uf0a7; \tmso-level-tab-stop:108.0pt; \tmso-level-number-position:left; \ttext-indent:-18.0pt; \tfont-family:Wingdings;} ol \t{margin-bottom:0cm;} ul \t{margin-bottom:0cm;} --><!--[if gte mso 10]> <mce:style><!   \/* Style Definitions *\/  table.MsoNormalTable \t{mso-style-name:\"Normale Tabelle\"; \tmso-tstyle-rowband-size:0; \tmso-tstyle-colband-size:0; \tmso-style-noshow:yes; \tmso-style-parent:\"\"; \tmso-padding-alt:0cm 5.4pt 0cm 5.4pt; \tmso-para-margin:0cm; \tmso-para-margin-bottom:.0001pt; \tmso-pagination:widow-orphan; \tfont-size:10.0pt; \tfont-family:\"Times New Roman\"; \tmso-ansi-language:#0400; \tmso-fareast-language:#0400; \tmso-bidi-language:#0400;} --> <!--[endif]--><\/p>\n<ul style=\"margin-top: 0cm;\" type=\"disc\">\n<li>\n<ul style=\"margin-top: 0cm;\" type=\"circle\">\n<li class=\"MsoNormal\">Menschen       sind unterschiedlich. Und das ist gut so! Im Epheserbrief (Kapitel 4) ist       sogar die Rede davon, dass jeder einzelne nur einen Teil der Gnade und       F\u00fclle Christi haben kann \u2013 erst in der Einheit wird das volle Potential       sichtbar und lebbar. Doch Einheit bedeutet nicht Gleichheit und es ist       hilfreich die eigene Berufung zu entdecken und die anderer zu verstehen.       Der Epheserbrief unterscheidet f\u00fcnf Typen \u2013 jeder mit einem speziellen       Herzschlag f\u00fcr das Reich Gottes:\n<ul style=\"margin-top: 0cm;\" type=\"square\">\n<li class=\"MsoNormal\">Apostel        \u2013 <span style=\"font-size: 10pt;\">Sie sind Pioniere, fasziniert von allem        Neuen, immer auf dem Sprung und manchmal auch etwas einsam. Sie        entwickeln Visionen und motivieren andere aufzubrechen in unbekanntes        Land.<\/span><\/li>\n<li class=\"MsoNormal\">Propheten        \u2013 <span style=\"font-size: 10pt;\">Sie haben ein tiefes Verst\u00e4ndnis f\u00fcr        Gottes Wahrheit und k\u00f6nnen seine Botschaft in konkrete Situationen        hineinsprechen und Menschen direkt zusprechen. Ihre Visionen sind        geistliche Perspektive, erwachsen aus einer engen und h\u00f6renden        Gottesbeziehung.<\/span><\/li>\n<li class=\"MsoNormal\">Evangelisten        \u2013 <span style=\"font-size: 10pt;\">Ihr Herzensanliegen: die frohe        Botschaft muss unter die Leute! Keiner ist so einfallsreich und        motiviert mit Wort und Tat das Evangelium weiterzusagen, wie sie. Mit        ihrer Begeisterung und Nat\u00fcrlichkeit in Sachen Mission stecken sie        andere an.<\/span><\/li>\n<li class=\"MsoNormal\">Hirten        \u2013 <span style=\"font-size: 10pt;\">Sie sind die absoluten Beziehungstypen.        Geduldig f\u00f6rdern und unterst\u00fctzen sie einzelne oder Gruppen, oft \u00fcber        lange Zeitr\u00e4ume. Das Wohlergehen und die Pers\u00f6nlichkeitsentwicklung        anderer ist ihr Anliegen. Sie leiden mit und helfen Lasten tragen.<\/span><\/li>\n<li class=\"MsoNormal\">Lehrer        \u2013 <span style=\"font-size: 10pt;\">Sie sind fasziniert von Gottes Wort,        geistlichen Zusammenh\u00e4ngen, der Wahrheit des Evangeliums. Was sie        kapiert haben, das geben sie gerne an andere weiter \u2013 und zwar so, dass        man es versteht. Ihnen muss man einfach zuh\u00f6ren.<\/span><\/li>\n<\/ul>\n<\/li>\n<\/ul>\n<\/li>\n<\/ul>\n<\/div>\n","protected":false},"excerpt":{"rendered":"<p>Menschen sind unterschiedlich. Und das ist gut so! Im Epheserbrief (Kapitel 4) ist sogar die Rede davon, dass jeder einzelne nur einen Teil der Gnade und F\u00fclle Christi haben kann \u2013 erst in der Einheit wird das volle Potential sichtbar und lebbar. Doch Einheit bedeutet nicht Gleichheit und es ist hilfreich die eigene Berufung zu &hellip;<\/p>\n<p class=\"read-more\"> <a class=\"\" href=\"http:\/\/www.missionorder.de\/?page_id=64\"> <span class=\"screen-reader-text\">Berufung<\/span> Weiterlesen &raquo;<\/a><\/p>\n","protected":false},"author":2,"featured_media":0,"parent":30,"menu_order":0,"comment_status":"closed","ping_status":"closed","template":"","meta":{"site-sidebar-layout":"default","site-content-layout":"default","ast-global-header-display":"","ast-main-header-display":"","ast-hfb-above-header-display":"","ast-hfb-below-header-display":"","ast-hfb-mobile-header-display":"","site-post-title":"","ast-breadcrumbs-content":"","ast-featured-img":"","footer-sml-layout":"","theme-transparent-header-meta":"","adv-header-id-meta":"","stick-header-meta":"","header-above-stick-meta":"","header-main-stick-meta":"","header-below-stick-meta":"","footnotes":""},"class_list":["post-64","page","type-page","status-publish","hentry"],"_links":{"self":[{"href":"http:\/\/www.missionorder.de\/index.php?rest_route=\/wp\/v2\/pages\/64","targetHints":{"allow":["GET"]}}],"collection":[{"href":"http:\/\/www.missionorder.de\/index.php?rest_route=\/wp\/v2\/pages"}],"about":[{"href":"http:\/\/www.missionorder.de\/index.php?rest_route=\/wp\/v2\/types\/page"}],"author":[{"embeddable":true,"href":"http:\/\/www.missionorder.de\/index.php?rest_route=\/wp\/v2\/users\/2"}],"replies":[{"embeddable":true,"href":"http:\/\/www.missionorder.de\/index.php?rest_route=%2Fwp%2Fv2%2Fcomments&post=64"}],"version-history":[{"count":9,"href":"http:\/\/www.missionorder.de\/index.php?rest_route=\/wp\/v2\/pages\/64\/revisions"}],"predecessor-version":[{"id":138,"href":"http:\/\/www.missionorder.de\/index.php?rest_route=\/wp\/v2\/pages\/64\/revisions\/138"}],"up":[{"embeddable":true,"href":"http:\/\/www.missionorder.de\/index.php?rest_route=\/wp\/v2\/pages\/30"}],"wp:attachment":[{"href":"http:\/\/www.missionorder.de\/index.php?rest_route=%2Fwp%2Fv2%2Fmedia&parent=64"}],"curies":[{"name":"wp","href":"https:\/\/api.w.org\/{rel}","templated":true}]}}